{"id":18,"date":"2016-11-23T00:47:10","date_gmt":"2016-11-22T23:47:10","guid":{"rendered":"http:\/\/2016.koneser.co\/?page_id=18"},"modified":"2025-09-08T11:08:44","modified_gmt":"2025-09-08T09:08:44","slug":"blog","status":"publish","type":"page","link":"https:\/\/koneser.co\/en\/blog\/","title":{"rendered":"Blog"},"content":{"rendered":"<p><div data-parent=\"true\" class=\"vc_custom_1492117044433 row-container tablet-hidden mobile-hidden boomapps_vcrow\"><div class=\"row unequal col-half-gutter no-top-padding no-bottom-padding no-h-padding full-width row-parent\"><div class=\"row-inner\"><div class=\"pos-top pos-center align_left column_parent col-lg-3 boomapps_vccolumn half-internal-gutter\"><div class=\"uncol style-light\"  ><div class=\"uncoltable\"><div class=\"uncell  boomapps_vccolumn no-block-padding\"><div class=\"uncont\"><div class='hero-box hero-box-effect-romeo' style='background-color:#dd9933; border-color:#dd9933'><figure class='hero-box-wrapper'><img loading=\"lazy\" decoding=\"async\" width=\"840\" height=\"1006\" src=\"https:\/\/koneser.co\/wp-content\/uploads\/2024\/02\/Wizualizacja-855x1024.jpg\" class=\"attachment-large size-large\" alt=\"\" srcset=\"https:\/\/koneser.co\/wp-content\/uploads\/2024\/02\/Wizualizacja-855x1024.jpg 855w, https:\/\/koneser.co\/wp-content\/uploads\/2024\/02\/Wizualizacja-251x300.jpg 251w, https:\/\/koneser.co\/wp-content\/uploads\/2024\/02\/Wizualizacja-768x919.jpg 768w, https:\/\/koneser.co\/wp-content\/uploads\/2024\/02\/Wizualizacja-334x400.jpg 334w, https:\/\/koneser.co\/wp-content\/uploads\/2024\/02\/Wizualizacja-667x798.jpg 667w, https:\/\/koneser.co\/wp-content\/uploads\/2024\/02\/Wizualizacja.jpg 1253w\" sizes=\"(max-width: 840px) 100vw, 840px\" \/><figcaption><div class='hero-box-text'><h3 style='color:#ffffff;'>Krak\u00f3w, Old Town<\/h3><p style='color:#ffffff;'>ul. Krowoderska 13<\/p><\/div><a href='https:\/\/krowoderska13.pl\/' target='_blank'>View more<\/a><\/figcaption><\/figure><\/div><div class='hero-box hero-box-effect-romeo' style='background-color:#dd9933; border-color:#dd9933'><figure class='hero-box-wrapper'><img loading=\"lazy\" decoding=\"async\" width=\"765\" height=\"1024\" src=\"https:\/\/koneser.co\/wp-content\/uploads\/2023\/12\/S22-wozualizacja-2-765x1024-765x1024.jpg\" class=\"attachment-large size-large\" alt=\"\" srcset=\"https:\/\/koneser.co\/wp-content\/uploads\/2023\/12\/S22-wozualizacja-2-765x1024.jpg 765w, https:\/\/koneser.co\/wp-content\/uploads\/2023\/12\/S22-wozualizacja-2-765x1024-224x300.jpg 224w, https:\/\/koneser.co\/wp-content\/uploads\/2023\/12\/S22-wozualizacja-2-765x1024-299x400.jpg 299w, https:\/\/koneser.co\/wp-content\/uploads\/2023\/12\/S22-wozualizacja-2-765x1024-596x798.jpg 596w\" sizes=\"(max-width: 765px) 100vw, 765px\" \/><figcaption><div class='hero-box-text'><h3 style='color:#ffffff;'>Krak\u00f3w, Old Town<\/h3><p style='color:#ffffff;'>Smole\u0144sk 22<\/p><\/div><a href='https:\/\/smolensk22.pl\/en\/' target='_blank'>View more<\/a><\/figcaption><\/figure><\/div><div class='hero-box hero-box-effect-romeo' style='background-color:#dd9933; border-color:#dd9933'><figure class='hero-box-wrapper'><img loading=\"lazy\" decoding=\"async\" width=\"840\" height=\"840\" src=\"https:\/\/koneser.co\/wp-content\/uploads\/2016\/11\/ben-kolde-470570-unsplash-1024x1024.jpg\" class=\"attachment-large size-large\" alt=\"\" srcset=\"https:\/\/koneser.co\/wp-content\/uploads\/2016\/11\/ben-kolde-470570-unsplash-1024x1024.jpg 1024w, https:\/\/koneser.co\/wp-content\/uploads\/2016\/11\/ben-kolde-470570-unsplash-150x150.jpg 150w, https:\/\/koneser.co\/wp-content\/uploads\/2016\/11\/ben-kolde-470570-unsplash-300x300.jpg 300w, https:\/\/koneser.co\/wp-content\/uploads\/2016\/11\/ben-kolde-470570-unsplash-768x768.jpg 768w\" sizes=\"(max-width: 840px) 100vw, 840px\" \/><figcaption><div class='hero-box-text'><h3 style='color:#ffffff;'>Media<\/h3><\/div><a href='http:\/\/koneser.co\/media-o-nas\/' target='_blank'>View more<\/a><\/figcaption><\/figure><\/div><\/div><\/div><\/div><\/div><\/div><div class=\"pos-top pos-center align_left column_parent col-lg-9 boomapps_vccolumn half-internal-gutter\"><div class=\"uncol style-light unexpand\"  ><div class=\"uncoltable\"><div class=\"uncell  boomapps_vccolumn no-block-padding\"><div class=\"uncont\"><div id=\"index-201895\" class=\"isotope-system isotope-general-light\">\n                    <div class=\"isotope-wrapper no-gutter\">\n      <div class=\"isotope-container isotope-layout style-masonry isotope-pagination\" data-type=\"masonry\" data-layout=\"masonry\" data-lg=\"1000\" data-md=\"600\" data-sm=\"480\">\n        <div class=\"tmb tmb-iso-w12 tmb-iso-h4 tmb-light tmb-overlay-text-anim tmb-overlay-anim tmb-content-left tmb-image-anim tmb-bordered  grid-cat-1 tmb-img-ratio tmb-content-under tmb-media-first tmb-no-bg\">\n\t\t\t\t\t\t<div class=\"t-inside\" ><div class=\"t-entry-visual\" tabindex=\"0\"><div class=\"t-entry-visual-tc\"><div class=\"t-entry-visual-cont\"><div class=\"dummy\" style=\"padding-top: 56.21%;\"><\/div><a tabindex=\"-1\" href=\"https:\/\/koneser.co\/en\/2025\/09\/22\/rewitalizacja-krakowskich-kamienic-trendy-wystroju-wnetrz-w-2026-roku\/\" class=\"pushed\" target=\"_self\"><div class=\"t-entry-visual-overlay\"><div class=\"t-entry-visual-overlay-in style-dark-bg\" style=\"opacity: 0.5;\"><\/div><\/div>\n\t\t\t\t\t\t\t\t\t<div class=\"t-overlay-wrap\">\n\t\t\t\t\t\t\t\t\t\t<div class=\"t-overlay-inner\">\n\t\t\t\t\t\t\t\t\t\t\t<div class=\"t-overlay-content\">\n\t\t\t\t\t\t\t\t\t\t\t\t<div class=\"t-overlay-text single-block-padding\"><div class=\"t-entry t-single-line\"><\/div><\/div><\/div><\/div><\/div><img loading=\"lazy\" decoding=\"async\" src=\"https:\/\/koneser.co\/wp-content\/uploads\/2025\/09\/tlo2-uai-1167x656.png\" width=\"1167\" height=\"656\" alt=\"\" \/><\/a><\/div>\n\t\t\t\t\t\t\t\t<\/div>\n\t\t\t\t\t\t\t<\/div><div class=\"t-entry-text\">\n\t\t\t\t\t\t\t<div class=\"t-entry-text-tc single-block-padding\"><div class=\"t-entry\"><h3 class=\"t-entry-title h3\"><a href=\"https:\/\/koneser.co\/en\/2025\/09\/22\/rewitalizacja-krakowskich-kamienic-trendy-wystroju-wnetrz-w-2026-roku\/\">Rewitalizacja krakowskich kamienic: Trendy wystroju wn\u0119trz w 2026 roku<\/a><\/h3><p>Sorry, this entry is only available in Polish. For the sake of viewer convenience, the content is shown below in the alternative language. You may click the link to switch the active language.\nTrendy w wystroju wn\u0119trz w krakowskich kamienicach w 2026 roku\nKrak\u00f3w, miasto o warstwach historii...<\/p><p class=\"t-entry-readmore\"><a href=\"https:\/\/koneser.co\/en\/2025\/09\/22\/rewitalizacja-krakowskich-kamienic-trendy-wystroju-wnetrz-w-2026-roku\/\" class=\"btn btn-default\">Read More <\/a><\/p><\/div><\/div>\n\t\t\t\t\t<\/div><\/div>\n\t\t\t\t\t<\/div>      <\/div>\n\n    <\/div>\n    <\/div><\/div><\/div><\/div><\/div><\/div><script id=\"script-555583\" type=\"text\/javascript\">UNCODE.initRow(document.getElementById(\"script-555583\"));<\/script><\/div><\/div><\/div><div data-parent=\"true\" class=\"style-color-lxmt-bg row-container boomapps_vcrow\"><div class=\"row limit-width row-parent\"><div class=\"row-inner\"><div class=\"pos-top pos-center align_left column_parent col-lg-12 boomapps_vccolumn single-internal-gutter\"><div class=\"uncol style-light\"  ><div class=\"uncoltable\"><div class=\"uncell  boomapps_vccolumn no-block-padding\"><div class=\"uncont\"><div id=\"index-174922\" class=\"isotope-system isotope-general-light\">\n                    <div class=\"isotope-wrapper single-gutter\">\n      <div class=\"isotope-container isotope-layout style-masonry isotope-pagination\" data-type=\"masonry\" data-layout=\"fitRows\" data-lg=\"1000\" data-md=\"600\" data-sm=\"480\">\n        <div class=\"tmb tmb-iso-w6 tmb-iso-h4 tmb-light tmb-overlay-text-anim tmb-overlay-anim tmb-content-left tmb-image-anim tmb-bordered  grid-cat-1 tmb-img-ratio tmb-content-under tmb-media-first tmb-no-bg\">\n\t\t\t\t\t\t<div class=\"t-inside\" ><div class=\"t-entry-visual\" tabindex=\"0\"><div class=\"t-entry-visual-tc\"><div class=\"t-entry-visual-cont\"><div class=\"dummy\" style=\"padding-top: 49.96%;\"><\/div><a tabindex=\"-1\" href=\"https:\/\/koneser.co\/en\/2025\/09\/22\/rewitalizacja-krakowskich-kamienic-trendy-wystroju-wnetrz-w-2026-roku\/\" class=\"pushed\" target=\"_self\"><div class=\"t-entry-visual-overlay\"><div class=\"t-entry-visual-overlay-in style-dark-bg\" style=\"opacity: 0.5;\"><\/div><\/div>\n\t\t\t\t\t\t\t\t\t<div class=\"t-overlay-wrap\">\n\t\t\t\t\t\t\t\t\t\t<div class=\"t-overlay-inner\">\n\t\t\t\t\t\t\t\t\t\t\t<div class=\"t-overlay-content\">\n\t\t\t\t\t\t\t\t\t\t\t\t<div class=\"t-overlay-text single-block-padding\"><div class=\"t-entry t-single-line\"><\/div><\/div><\/div><\/div><\/div><img loading=\"lazy\" decoding=\"async\" src=\"https:\/\/koneser.co\/wp-content\/uploads\/2025\/09\/tlo2-uai-1167x583.png\" width=\"1167\" height=\"583\" alt=\"\" \/><\/a><\/div>\n\t\t\t\t\t\t\t\t<\/div>\n\t\t\t\t\t\t\t<\/div><div class=\"t-entry-text\">\n\t\t\t\t\t\t\t<div class=\"t-entry-text-tc single-block-padding\"><div class=\"t-entry\"><h3 class=\"t-entry-title h4\"><a href=\"https:\/\/koneser.co\/en\/2025\/09\/22\/rewitalizacja-krakowskich-kamienic-trendy-wystroju-wnetrz-w-2026-roku\/\">Rewitalizacja krakowskich kamienic: Trendy wystroju wn\u0119trz w 2026 roku<\/a><\/h3><p class=\"t-entry-meta\"><span class=\"t-entry-category\"><i class=\"fa fa-archive2 fa-push-right\"><\/i><a href=\"https:\/\/koneser.co\/en\/category\/blog\/\">Blog<\/a><span class=\"small-spacer\"><\/span><\/span><\/p><p class=\"t-entry-meta\"><span class=\"t-entry-date\">Monday September 22nd, 2025<\/span><\/p><p>Sorry, this entry is only available in Polish. For the sake of viewer convenience, the content is shown below in the alternative language. You may click the link to switch the active language.\nTrendy w wystroju wn\u0119trz w krakowskich kamienicach w 2026 roku\nKrak\u00f3w, miasto o warstwach historii...<\/p><p class=\"t-entry-readmore\"><a href=\"https:\/\/koneser.co\/en\/2025\/09\/22\/rewitalizacja-krakowskich-kamienic-trendy-wystroju-wnetrz-w-2026-roku\/\" class=\"btn btn-default\">Read More <\/a><\/p><hr \/><\/div><\/div>\n\t\t\t\t\t<\/div><\/div>\n\t\t\t\t\t<\/div><div class=\"tmb tmb-iso-w6 tmb-iso-h4 tmb-light tmb-overlay-text-anim tmb-overlay-anim tmb-content-left tmb-image-anim tmb-bordered  grid-cat-1 tmb-img-ratio tmb-content-under tmb-media-first tmb-no-bg\">\n\t\t\t\t\t\t<div class=\"t-inside\" ><div class=\"t-entry-visual\" tabindex=\"0\"><div class=\"t-entry-visual-tc\"><div class=\"t-entry-visual-cont\"><div class=\"dummy\" style=\"padding-top: 49.95%;\"><\/div><a tabindex=\"-1\" href=\"https:\/\/koneser.co\/en\/2024\/09\/17\/jak-przyciagnac-najemcow-dzieki-odpowiedniemu-remontowi-i-aranzacji-wnetrza\/\" class=\"pushed\" target=\"_self\"><div class=\"t-entry-visual-overlay\"><div class=\"t-entry-visual-overlay-in style-dark-bg\" style=\"opacity: 0.5;\"><\/div><\/div>\n\t\t\t\t\t\t\t\t\t<div class=\"t-overlay-wrap\">\n\t\t\t\t\t\t\t\t\t\t<div class=\"t-overlay-inner\">\n\t\t\t\t\t\t\t\t\t\t\t<div class=\"t-overlay-content\">\n\t\t\t\t\t\t\t\t\t\t\t\t<div class=\"t-overlay-text single-block-padding\"><div class=\"t-entry t-single-line\"><\/div><\/div><\/div><\/div><\/div><img loading=\"lazy\" decoding=\"async\" src=\"https:\/\/koneser.co\/wp-content\/uploads\/2024\/09\/stylish-and-scanidnavian-interior-of-apartment-wit-2023-11-27-05-21-07-utc-1-uai-933x466.jpg\" width=\"933\" height=\"466\" alt=\"\" \/><\/a><\/div>\n\t\t\t\t\t\t\t\t<\/div>\n\t\t\t\t\t\t\t<\/div><div class=\"t-entry-text\">\n\t\t\t\t\t\t\t<div class=\"t-entry-text-tc single-block-padding\"><div class=\"t-entry\"><h3 class=\"t-entry-title h4\"><a href=\"https:\/\/koneser.co\/en\/2024\/09\/17\/jak-przyciagnac-najemcow-dzieki-odpowiedniemu-remontowi-i-aranzacji-wnetrza\/\">Jak przyci\u0105gn\u0105\u0107 najemc\u00f3w dzi\u0119ki odpowiedniemu remontowi i aran\u017cacji wn\u0119trza?<\/a><\/h3><p class=\"t-entry-meta\"><span class=\"t-entry-category\"><i class=\"fa fa-archive2 fa-push-right\"><\/i><a href=\"https:\/\/koneser.co\/en\/category\/blog\/\">Blog<\/a><span class=\"small-spacer\"><\/span><\/span><\/p><p class=\"t-entry-meta\"><span class=\"t-entry-date\">Tuesday September 17th, 2024<\/span><\/p><p>Sorry, this entry is only available in Polish. For the sake of viewer convenience, the content is shown below in the alternative language. You may click the link to switch the active language.\nWynajem kr\u00f3tkoterminowy staje si\u0119 coraz bardziej popularnym sposobem na zarabianie na nieruchomo\u015bciach....<\/p><p class=\"t-entry-readmore\"><a href=\"https:\/\/koneser.co\/en\/2024\/09\/17\/jak-przyciagnac-najemcow-dzieki-odpowiedniemu-remontowi-i-aranzacji-wnetrza\/\" class=\"btn btn-default\">Read More <\/a><\/p><hr \/><\/div><\/div>\n\t\t\t\t\t<\/div><\/div>\n\t\t\t\t\t<\/div><div class=\"tmb tmb-iso-w6 tmb-iso-h4 tmb-light tmb-overlay-text-anim tmb-overlay-anim tmb-content-left tmb-image-anim tmb-bordered  grid-cat-1 tmb-img-ratio tmb-content-under tmb-media-first tmb-no-bg\">\n\t\t\t\t\t\t<div class=\"t-inside\" ><div class=\"t-entry-visual\" tabindex=\"0\"><div class=\"t-entry-visual-tc\"><div class=\"t-entry-visual-cont\"><div class=\"dummy\" style=\"padding-top: 49.97%;\"><\/div><a tabindex=\"-1\" href=\"https:\/\/koneser.co\/en\/2024\/08\/01\/gdzie-najlepiej-kupic-mieszkanie-w-polsce\/\" class=\"pushed\" target=\"_self\"><div class=\"t-entry-visual-overlay\"><div class=\"t-entry-visual-overlay-in style-dark-bg\" style=\"opacity: 0.5;\"><\/div><\/div>\n\t\t\t\t\t\t\t\t\t<div class=\"t-overlay-wrap\">\n\t\t\t\t\t\t\t\t\t\t<div class=\"t-overlay-inner\">\n\t\t\t\t\t\t\t\t\t\t\t<div class=\"t-overlay-content\">\n\t\t\t\t\t\t\t\t\t\t\t\t<div class=\"t-overlay-text single-block-padding\"><div class=\"t-entry t-single-line\"><\/div><\/div><\/div><\/div><\/div><img loading=\"lazy\" decoding=\"async\" src=\"https:\/\/koneser.co\/wp-content\/uploads\/2024\/08\/beautiful-view-from-window-2023-11-27-05-28-46-utc-scaled-uai-1707x853.jpg\" width=\"1707\" height=\"853\" alt=\"\" \/><\/a><\/div>\n\t\t\t\t\t\t\t\t<\/div>\n\t\t\t\t\t\t\t<\/div><div class=\"t-entry-text\">\n\t\t\t\t\t\t\t<div class=\"t-entry-text-tc single-block-padding\"><div class=\"t-entry\"><h3 class=\"t-entry-title h4\"><a href=\"https:\/\/koneser.co\/en\/2024\/08\/01\/gdzie-najlepiej-kupic-mieszkanie-w-polsce\/\">Gdzie najlepiej kupi\u0107 mieszkanie w Polsce?<\/a><\/h3><p class=\"t-entry-meta\"><span class=\"t-entry-category\"><i class=\"fa fa-archive2 fa-push-right\"><\/i><a href=\"https:\/\/koneser.co\/en\/category\/blog\/\">Blog<\/a><span class=\"small-spacer\"><\/span><\/span><\/p><p class=\"t-entry-meta\"><span class=\"t-entry-date\">Thursday August  1st, 2024<\/span><\/p><p>Sorry, this entry is only available in Polish. For the sake of viewer convenience, the content is shown below in the alternative language. You may click the link to switch the active language.\nInwestowanie w nieruchomo\u015bci to jeden z popularniejszych sposob\u00f3w na lokat\u0119 kapita\u0142u, kt\u00f3ry jednak...<\/p><p class=\"t-entry-readmore\"><a href=\"https:\/\/koneser.co\/en\/2024\/08\/01\/gdzie-najlepiej-kupic-mieszkanie-w-polsce\/\" class=\"btn btn-default\">Read More <\/a><\/p><hr \/><\/div><\/div>\n\t\t\t\t\t<\/div><\/div>\n\t\t\t\t\t<\/div><div class=\"tmb tmb-iso-w6 tmb-iso-h4 tmb-light tmb-overlay-text-anim tmb-overlay-anim tmb-content-left tmb-image-anim tmb-bordered  grid-cat-1 tmb-img-ratio tmb-content-under tmb-media-first tmb-no-bg\">\n\t\t\t\t\t\t<div class=\"t-inside\" ><div class=\"t-entry-visual\" tabindex=\"0\"><div class=\"t-entry-visual-tc\"><div class=\"t-entry-visual-cont\"><div class=\"dummy\" style=\"padding-top: 49.96%;\"><\/div><a tabindex=\"-1\" href=\"https:\/\/koneser.co\/en\/2018\/08\/17\/miedzy-mieszkaniem-a-domem-wybieramy-przestrzen-100-mkw\/\" class=\"pushed\" target=\"_self\"><div class=\"t-entry-visual-overlay\"><div class=\"t-entry-visual-overlay-in style-dark-bg\" style=\"opacity: 0.5;\"><\/div><\/div>\n\t\t\t\t\t\t\t\t\t<div class=\"t-overlay-wrap\">\n\t\t\t\t\t\t\t\t\t\t<div class=\"t-overlay-inner\">\n\t\t\t\t\t\t\t\t\t\t\t<div class=\"t-overlay-content\">\n\t\t\t\t\t\t\t\t\t\t\t\t<div class=\"t-overlay-text single-block-padding\"><div class=\"t-entry t-single-line\"><\/div><\/div><\/div><\/div><\/div><img loading=\"lazy\" decoding=\"async\" src=\"https:\/\/koneser.co\/wp-content\/uploads\/2018\/08\/alberto-castillo-q-346020-unsplash-uai-1271x635.jpg\" width=\"1271\" height=\"635\" alt=\"\" \/><\/a><\/div>\n\t\t\t\t\t\t\t\t<\/div>\n\t\t\t\t\t\t\t<\/div><div class=\"t-entry-text\">\n\t\t\t\t\t\t\t<div class=\"t-entry-text-tc single-block-padding\"><div class=\"t-entry\"><h3 class=\"t-entry-title h4\"><a href=\"https:\/\/koneser.co\/en\/2018\/08\/17\/miedzy-mieszkaniem-a-domem-wybieramy-przestrzen-100-mkw\/\">Mi\u0119dzy mieszkaniem a domem. Wybieramy przestrze\u0144 +100 mkw.<\/a><\/h3><p class=\"t-entry-meta\"><span class=\"t-entry-category\"><i class=\"fa fa-archive2 fa-push-right\"><\/i><a href=\"https:\/\/koneser.co\/en\/category\/blog\/\">Blog<\/a><span class=\"cat-comma\">,<\/span><\/span><\/p><p class=\"t-entry-meta\"><span class=\"t-entry-date\">Friday August 17th, 2018<\/span><\/p><p>Sorry, this entry is only available in Polish. For the sake of viewer convenience, the content is shown below in the alternative language. You may click the link to switch the active language.\nJe\u015bli rozwa\u017casz w\u0142a\u015bnie zakup ponad 100-metrowego lokum, z pewno\u015bci\u0105 zastanawia\u0142e\u015b si\u0119 kt\u00f3ry typ...<\/p><p class=\"t-entry-readmore\"><a href=\"https:\/\/koneser.co\/en\/2018\/08\/17\/miedzy-mieszkaniem-a-domem-wybieramy-przestrzen-100-mkw\/\" class=\"btn btn-default\">Read More <\/a><\/p><hr \/><\/div><\/div>\n\t\t\t\t\t<\/div><\/div>\n\t\t\t\t\t<\/div>      <\/div>\n\n    <\/div>\n        <div class=\"isotope-footer style-light style-color-gyho-bg with-bg single-gutter\">\n        <div class=\"isotope-footer-inner menu-light text-center\">\n            <ul class='pagination'><li class=\"page-prev\"><a class=\"btn btn-link text-default-color\" href=\"\"><i class=\"fa fa-angle-left\"><\/i><\/a><\/li><li><span class=\"btn btn-link text-default-color\"><span aria-current=\"page\" class=\"page-numbers current\">1<\/span><\/span><\/li><li><span class=\"btn btn-link text-default-color\"><a class=\"page-numbers\" href=\"https:\/\/koneser.co\/en\/wp-json\/wp\/v2\/pages\/18\/page\/2\">2<\/a><\/span><\/li><li><span class=\"btn btn-link text-default-color\"><a class=\"page-numbers\" href=\"https:\/\/koneser.co\/en\/wp-json\/wp\/v2\/pages\/18\/page\/3\">3<\/a><\/span><\/li><li><span class=\"btn btn-link text-default-color\"><span class=\"page-numbers dots\">&hellip;<\/span><\/span><\/li><li><span class=\"btn btn-link text-default-color\"><a class=\"page-numbers\" href=\"https:\/\/koneser.co\/en\/wp-json\/wp\/v2\/pages\/18\/page\/15\">15<\/a><\/span><\/li><li class=\"page-next\"><a class=\"btn btn-link text-default-color\" href=\"https:\/\/koneser.co\/en\/wp-json\/wp\/v2\/pages\/18\/page\/2\"><i class=\"fa fa-angle-right\"><\/i><\/a><\/li><\/ul>        <\/div>\n    <\/div>\n    <\/div><\/div><\/div><\/div><\/div><\/div><script id=\"script-308623\" type=\"text\/javascript\">UNCODE.initRow(document.getElementById(\"script-308623\"));<\/script><\/div><\/div><\/div><div data-parent=\"true\" class=\"row-container boomapps_vcrow\"><div class=\"row single-top-padding single-bottom-padding no-h-padding full-width row-parent\"><div class=\"row-inner\"><div class=\"pos-top pos-center align_center column_parent col-lg-12 boomapps_vccolumn single-internal-gutter\"><div class=\"uncol style-light\"  ><div class=\"uncoltable\"><div class=\"uncell  boomapps_vccolumn no-block-padding\"><div class=\"uncont\"><div class=\"heading-text el-text\" ><h2 class=\"h2\" ><span>Our Instagram<\/span><\/h2><\/div><div class=\"clear\"><\/div><div class=\"uncode_text_column\" >\n<div id=\"sb_instagram\"  class=\"sbi sbi_mob_col_1 sbi_tab_col_2 sbi_col_4 sbi_width_resp sbi_fixed_height\" style=\"padding-bottom: 2px;width: 100%;height: 250px;\" data-feedid=\"sbi_#4\"  data-res=\"auto\" data-cols=\"4\" data-colsmobile=\"1\" data-colstablet=\"2\" data-num=\"4\" data-nummobile=\"\" data-item-padding=\"1\" data-shortcode-atts=\"{}\"  data-postid=\"2095\" data-locatornonce=\"074968f890\" data-sbi-flags=\"favorLocal\">\n\t\n    <div id=\"sbi_images\"  style=\"gap: 2px;\">\n\t\t    <\/div>\n\n\t<div id=\"sbi_load\" >\n\n\t\n\t\n<\/div>\n\n\t    <span class=\"sbi_resized_image_data\" data-feed-id=\"sbi_#4\" data-resized=\"[]\">\n\t<\/span>\n\t<\/div>\n\n<script type=\"text\/javascript\">var sb_instagram_js_options = {\"font_method\":\"svg\",\"placeholder\":\"https:\\\/\\\/koneser.co\\\/wp-content\\\/plugins\\\/instagram-feed\\\/img\\\/placeholder.png\",\"resized_url\":\"https:\\\/\\\/koneser.co\\\/wp-content\\\/uploads\\\/sb-instagram-feed-images\\\/\",\"ajax_url\":\"https:\\\/\\\/koneser.co\\\/wp-admin\\\/admin-ajax.php\"};<\/script><script type='text\/javascript' src='https:\/\/koneser.co\/wp-content\/plugins\/instagram-feed\/js\/sbi-scripts.min.js?ver=6.4.3'><\/script>\n<\/div><\/div><\/div><\/div><\/div><\/div><script id=\"script-833326\" type=\"text\/javascript\">UNCODE.initRow(document.getElementById(\"script-833326\"));<\/script><\/div><\/div><\/div><\/p>","protected":false},"excerpt":{"rendered":"Sorry, this entry is only available in Polish. For the sake of viewer convenience, the content is shown below in [...]","protected":false},"author":1,"featured_media":1224,"parent":0,"menu_order":0,"comment_status":"closed","ping_status":"closed","template":"","meta":{"_acf_changed":false,"footnotes":""},"acf":[],"_links":{"self":[{"href":"https:\/\/koneser.co\/en\/wp-json\/wp\/v2\/pages\/18"}],"collection":[{"href":"https:\/\/koneser.co\/en\/wp-json\/wp\/v2\/pages"}],"about":[{"href":"https:\/\/koneser.co\/en\/wp-json\/wp\/v2\/types\/page"}],"author":[{"embeddable":true,"href":"https:\/\/koneser.co\/en\/wp-json\/wp\/v2\/users\/1"}],"replies":[{"embeddable":true,"href":"https:\/\/koneser.co\/en\/wp-json\/wp\/v2\/comments?post=18"}],"version-history":[{"count":97,"href":"https:\/\/koneser.co\/en\/wp-json\/wp\/v2\/pages\/18\/revisions"}],"predecessor-version":[{"id":3058,"href":"https:\/\/koneser.co\/en\/wp-json\/wp\/v2\/pages\/18\/revisions\/3058"}],"wp:featuredmedia":[{"embeddable":true,"href":"https:\/\/koneser.co\/en\/wp-json\/wp\/v2\/media\/1224"}],"wp:attachment":[{"href":"https:\/\/koneser.co\/en\/wp-json\/wp\/v2\/media?parent=18"}],"curies":[{"name":"wp","href":"https:\/\/api.w.org\/{rel}","templated":true}]}}